{"id":5,"date":"2019-02-08T17:31:01","date_gmt":"2019-02-08T17:31:01","guid":{"rendered":"https:\/\/cordobaevento.muntal.net\/?page_id=5"},"modified":"2019-03-07T18:29:59","modified_gmt":"2019-03-07T18:29:59","slug":"one-page-express","status":"publish","type":"page","link":"https:\/\/cordobaevento.muntal.net\/","title":{"rendered":"Front Page"},"content":{"rendered":"<div  id=\"cordoba\" style=\"background-color: #ffffff;\" data-label=\"CORDOBA\" data-id=\"stripped-coloured-icon-boxes\" data-category=\"overlapable\" class=\"features-coloured-icon-boxes-section\" data-overlap=\"true\"> <div  class=\"gridContainer\"> <div  class=\"features-coloured-icon-boxes-innerrow flexbox-list dark-text\" data-type=\"row\"> <div  class=\"features-coloured-icon-boxes-featurecol cp3cols\"> <div  class=\"features-coloured-icon-boxes-iconcontainer\" data-content-item-container=\"true\"> <i  data-cp-fa=\"true\" class=\"features-coloured-icon fa fa-building-o\"><\/i> <\/div> <h4  class=\"\">C\u00d3RDOBA<\/h4> <p  class=\"\">Centro de Eventos y Convenciones Dinosaurio Mall.\n<br >Sal\u00f3n : Eneida\n<br ><strong >26 de Abril 14:00 hs.<\/strong><br >Rodriguez del Busto 4086    1\u00b0 Piso ;   Barrio: Alto Verde \u2013 C\u00f3rdoba Capit\u00e1l.\n<br >Duraci\u00f3n: 4 horas<\/p> <a  class=\"features-coloured-button\" href=\"https:\/\/cordobaevento.muntal.net?page_id=42\" target=\"_self\">INFORMES<\/a> <\/div>    <\/div> <\/div><\/div><div  id=\"temario\" style=\"background-color: rgb(246, 246, 246);\" data-label=\"TEMARIO\" data-id=\"content-image-left\" data-category=\"content\" class=\"content-left-image-section\"> <div  class=\"gridContainer\"> <div  class=\"row\"> <div  class=\"content-left-image-imgcol\" data-type=\"column\"> <img  src=\"https:\/\/cordobaevento.muntal.net\/wp-content\/uploads\/2019\/02\/foto-Rolando-Nu\u00f1ez.jpeg\" class=\"\"> <\/div> <div  class=\"content-left-image-textcol dynamic-color\" data-type=\"column\"> <h2  class=\"\">Rolando Nu\u00f1ez&nbsp;<\/h2> <p  class=\"large_text\">Odont\u00f3logo egresado UCV MSc. Biomateriales Universidad de Alabama EE.UU. Miembro IADR. <br >Miembro ALODYB. Editor Junior Journal of Prosthodontics. Gerente de Investigaci\u00f3n Cl\u00ednica,<br >BISCO Inc. Chicago Illinois, EE.UU. Conferencista nacional e internacional.<\/p> <a  class=\"button blue\" href=\"https:\/\/cordobaevento.muntal.net?page_id=2\" target=\"_self\"> TEMARIO <\/a> <\/div> <\/div> <\/div> <\/div><div  data-label=\"PUNTOS DE VENTA\" data-id=\"features-small-icon-cards-section\" data-category=\"features\" class=\"features-small-icon-cards-section\" id=\"puntos-de-venta\" style=\"background-color: rgb(255, 255, 255);\"> <div  class=\"gridContainer\"> <div  class=\"features-small-icon-cards-textrow\"> <div  class=\"features-small-icon-cards-textcol dynamic-color\" data-type=\"column\"> <h2  class=\"\">PUNTOS DE VENTA<\/h2> <p  class=\"\">VALOR DE LA ENTRADA: $3000        \u2013 con vale x $1500 en la compra de productos Bisco<\/p> <\/div> <\/div> <div  class=\"features-small-icon-cards-featuresrow dark-text\" data-type=\"row\"> <div  class=\"features-small-icon-cards-featcol cp4cols\"> <div  class=\"features-small-icon-cards-featinnerrow\"> <div  class=\"features-small-icon-cards-iconcol\"> <i  data-cp-fa=\"true\" class=\"font-icon-23 fa fa-credit-card\"><\/i> <\/div> <div  class=\"features-small-icon-cards-feattextcol\" data-type=\"column\"> <h4  class=\"\">AKIDENT<\/h4> <p  class=\"\">27 de Abril 1183   (0351) 4255427, info@akident.com \u2013&nbsp;akident.com<\/p> <\/div> <\/div> <\/div> <div  class=\"features-small-icon-cards-featcol cp4cols\"> <div  class=\"features-small-icon-cards-featinnerrow\"> <div  class=\"features-small-icon-cards-iconcol\"> <i  data-cp-fa=\"true\" class=\"font-icon-23 fa fa-credit-card\"><\/i> <\/div> <div  class=\"features-small-icon-cards-feattextcol\" data-type=\"column\"> <h4  class=\"\">DENTAL SD<\/h4> <p  class=\"\">Duarte Quiros 58    (0351) 4235633, ventas@dentalsd.com<\/p> <\/div> <\/div> <\/div>     <div  class=\"features-small-icon-cards-featcol cp4cols\"> <div  class=\"features-small-icon-cards-featinnerrow\"> <div  class=\"features-small-icon-cards-iconcol\"> <i  data-cp-fa=\"true\" class=\"font-icon-23 fa fa-credit-card\"><\/i> <\/div> <div  class=\"features-small-icon-cards-feattextcol\" data-type=\"column\"> <h4  class=\"\">OMAR DENTAL<\/h4> <p  class=\"\">Av. Chacabuco 249   (0351) 4256618, info@omardental.com.ar<\/p> <\/div> <\/div> <\/div><div  class=\"features-small-icon-cards-featcol cp4cols\"> <div  class=\"features-small-icon-cards-featinnerrow\"> <div  class=\"features-small-icon-cards-iconcol\"> <i  data-cp-fa=\"true\" class=\"font-icon-23 fa fa-credit-card\"><\/i> <\/div> <div  class=\"features-small-icon-cards-feattextcol\" data-type=\"column\"> <h4  class=\"\">DENTOS<\/h4> <p  class=\"\">Obispo Salguero 439  (0351) 4232889, casadento@hotmail.com.ar<\/p> <\/div> <\/div> <\/div><div  class=\"features-small-icon-cards-featcol cp4cols\"> <div  class=\"features-small-icon-cards-featinnerrow\"> <div  class=\"features-small-icon-cards-iconcol\"> <i  data-cp-fa=\"true\" class=\"font-icon-23 fa fa-credit-card\"><\/i> <\/div> <div  class=\"features-small-icon-cards-feattextcol\" data-type=\"column\"> <h4  class=\"\">CENTRO LAB<\/h4> <p  class=\"\">25 de Mayo 779 (0351) 4218881, centrolabcba@gmail.com<\/p> <\/div> <\/div> <\/div><div  class=\"features-small-icon-cards-featcol cp4cols\"> <div  class=\"features-small-icon-cards-featinnerrow\"> <div  class=\"features-small-icon-cards-iconcol\"> <i  data-cp-fa=\"true\" class=\"font-icon-23 fa fa-credit-card\"><\/i> <\/div> <div  class=\"features-small-icon-cards-feattextcol\" data-type=\"column\"> <h4  class=\"\">CENTRO SBZ<\/h4> <p  class=\"\">Obispo Trejo 29&nbsp;(0351) 4237685, equipamiento@centrosbz.com<\/p> <\/div> <\/div> <\/div><div  class=\"features-small-icon-cards-featcol cp4cols\"> <div  class=\"features-small-icon-cards-featinnerrow\"> <div  class=\"features-small-icon-cards-iconcol\"> <i  data-cp-fa=\"true\" class=\"font-icon-23 fa fa-credit-card\"><\/i> <\/div> <div  class=\"features-small-icon-cards-feattextcol\" data-type=\"column\"> <h4  class=\"\">GAVENO DENTAL<\/h4> <p  class=\"\">Bulevar Chacabuco 458 fgschiraldi@gmail.com<\/p> <\/div> <\/div> <\/div><div  class=\"features-small-icon-cards-featcol cp4cols\"> <div  class=\"features-small-icon-cards-featinnerrow\"> <div  class=\"features-small-icon-cards-iconcol\"> <i  data-cp-fa=\"true\" class=\"font-icon-23 fa fa-credit-card\"><\/i> <\/div> <div  class=\"features-small-icon-cards-feattextcol\" data-type=\"column\"> <h4  class=\"\">CORDOBA DENTAL<\/h4> <p  class=\"\">Jacinto R\u00edos 506  . Barrio General P\u00e1z (0351) 155951748<\/p> <\/div> <\/div> <\/div><div  class=\"features-small-icon-cards-featcol cp4cols\"> <div  class=\"features-small-icon-cards-featinnerrow\"> <div  class=\"features-small-icon-cards-iconcol\"> <i  data-cp-fa=\"true\" class=\"font-icon-23 fa fa-credit-card\"><\/i> <\/div> <div  class=\"features-small-icon-cards-feattextcol\" data-type=\"column\"> <h4  class=\"\">GRIMBERT DENTAL<\/h4> <p  class=\"\">Av. Velez Sarfield 308&nbsp; &nbsp; &nbsp; &nbsp; &nbsp; &nbsp; &nbsp; &nbsp; &nbsp; &nbsp; &nbsp; &nbsp; (0351) 4222181<\/p> <\/div> <\/div> <\/div><\/div> <\/div><\/div><div  data-label=\"auspicia\" data-id=\"features-overlapped-icons-section\" data-category=\"features\" class=\"features-overlapped-icons-section\" id=\"auspicia\" style=\"background-color: rgb(246, 246, 246);\"> <div  class=\"gridContainer\"> <div  class=\"features-overlapped-icons-textrow\"> <div  class=\"features-overlapped-icons-textcol dynamic-color\" data-type=\"column\">   <\/div> <\/div> <div  class=\"features-overlapped-icons-featuresrow flexbox-list\" data-type=\"row\"> <div  class=\"features-large-icons-featcol cp3cols cp6cols-tablet\"> <div  class=\"features-overlapped-icons-featinnerrow\"> <div  class=\"features-icon-container\"><i  data-cp-fa=\"true\" class=\"font-icon-features-icon-container fa fa-angle-down\"><\/i> <\/div>\t<div  data-type=\"column\" class=\"\"> <h4  class=\"\">AUSPICIA<\/h4> <img  class=\"custom-image\" src=\"https:\/\/cordobaevento.muntal.net\/wp-content\/uploads\/2019\/02\/BISCO.png\"> <div  class=\"spacer\" data-type=\"group\"><span  class=\"fa before\"><\/span><i  class=\"fa fa-bandcamp\" data-reiki-hidden=\"true\"><\/i><span  class=\"fa after\"><\/span><\/div><a  class=\"button blue\" href=\"https:\/\/www.bisco.com\" target=\"_self\">BISCO<\/a><\/div><\/div> <\/div> <div  class=\"features-large-icons-featcol cp3cols cp6cols-tablet\"> <div  class=\"features-overlapped-icons-featinnerrow\"> <div  class=\"features-icon-container\"><i  data-cp-fa=\"true\" class=\"font-icon-features-icon-container fa fa-angle-down\"><\/i> <\/div>\t<div  data-type=\"column\" class=\"\"> <h4  class=\"\">INVITA<\/h4>  <img  class=\"custom-image\" src=\"https:\/\/cordobaevento.muntal.net\/wp-content\/uploads\/2019\/02\/MUNTAL.png\"><div  class=\"spacer\" data-type=\"group\"><span  class=\"fa before\"><\/span><i  class=\"fa fa-bandcamp\" data-reiki-hidden=\"true\"><\/i><span  class=\"fa after\"><\/span><\/div><a  class=\"button blue\" href=\"http:\/\/muntal.net\" target=\"_self\">MUNTAL<\/a><\/div><\/div> <\/div>   <\/div> <\/div><\/div><div  id=\"informes-1\" data-label=\"INFORMES\" data-id=\"cta-blue-section\" data-category=\"cta\" class=\"cta-blue-section\"> <div  class=\"gridContainer\"> <div  class=\"flexbox-list flexbox-list-align-center row\"> <div  class=\"cta-blue-textcol dynamic-color\"> <h2  class=\"cta-blue-text\"> <b  class=\"element2\"> Rolando Nu\u00f1es&nbsp;<\/b>&nbsp;en Argentina<\/h2> <\/div> <div  class=\"cta-blue-btncol\"> <a  class=\"button big yellow dark-text\" href=\"https:\/\/cordobaevento.muntal.net?page_id=42\" target=\"_self\"> INFORMES <\/a> <\/div> <\/div> <\/div> <\/div><div  id=\"contacto\" data-label=\"CONTACTO\" data-id=\"contact-section\" data-category=\"contact\" data-bg=\"transparent\" class=\"contact-section-formsection white-text\"> <div  class=\"gridContainer\"> <div  class=\"row_224\"> <div  class=\"contact-textrow\"> <div  class=\"contact-textcol dynamic-color\"> <h2  class=\"\">SACATAE LAS DUDAS!<\/h2> <p  class=\"white_text\">PARA M\u00c1S INFORMACI\u00d3N ESCRIBINOS<\/p> <\/div> <\/div> <\/div> <div  class=\"contact-formcol\" data-content-shortcode=\"one_page_express_contact_form shortcode=&quot;contact-form-7 id=&amp;amp;quot;7&amp;amp;quot; title=&amp;amp;quot;Contact form 1&amp;amp;quot;&quot;\" data-editable=\"true\"><div role=\"form\" class=\"wpcf7\" id=\"wpcf7-f7-o1\" lang=\"es-ES\" dir=\"ltr\">\n<div class=\"screen-reader-response\"><p role=\"status\" aria-live=\"polite\" aria-atomic=\"true\"><\/p> <ul><\/ul><\/div>\n<form action=\"\/index.php?rest_route=%2Fwp%2Fv2%2Fpages%2F5#wpcf7-f7-o1\" method=\"post\" class=\"wpcf7-form init\" novalidate=\"novalidate\" data-status=\"init\">\n<div style=\"display: none;\">\n<input type=\"hidden\" name=\"_wpcf7\" value=\"7\" \/>\n<input type=\"hidden\" name=\"_wpcf7_version\" value=\"5.6.4\" \/>\n<input type=\"hidden\" name=\"_wpcf7_locale\" value=\"es_ES\" \/>\n<input type=\"hidden\" name=\"_wpcf7_unit_tag\" value=\"wpcf7-f7-o1\" \/>\n<input type=\"hidden\" name=\"_wpcf7_container_post\" value=\"0\" \/>\n<input type=\"hidden\" name=\"_wpcf7_posted_data_hash\" value=\"\" \/>\n<\/div>\n<p><label>INFORMES<br \/>\nTel:<br \/>\n0351-425 5652<br \/>\n351 2262081<br \/>\nMail:<br \/>\nCarolina.pucheta@muntal.net<br \/>\nCaropucheta9@gmail.com<br \/>\n<\/label><\/p>\n<p><label> TU NOMBRE (REQUERIDO)<br \/>\n    <span class=\"wpcf7-form-control-wrap\" data-name=\"your-name\"><input type=\"text\" name=\"your-name\" value=\"\" size=\"40\" class=\"wpcf7-form-control wpcf7-text wpcf7-validates-as-required\" aria-required=\"true\" aria-invalid=\"false\" \/><\/span> <\/label><\/p>\n<p><label> TU CORREO ELECTR\u00d3NICO (REQUERIDO)<br \/>\n    <span class=\"wpcf7-form-control-wrap\" data-name=\"your-email\"><input type=\"email\" name=\"your-email\" value=\"\" size=\"40\" class=\"wpcf7-form-control wpcf7-text wpcf7-email wpcf7-validates-as-required wpcf7-validates-as-email\" aria-required=\"true\" aria-invalid=\"false\" \/><\/span> <\/label><\/p>\n<p><label> ASUNTO<br \/>\n    <span class=\"wpcf7-form-control-wrap\" data-name=\"your-subject\"><input type=\"text\" name=\"your-subject\" value=\"\" size=\"40\" class=\"wpcf7-form-control wpcf7-text\" aria-invalid=\"false\" \/><\/span> <\/label><\/p>\n<p><label> TU MENSAJE<br \/>\n    <span class=\"wpcf7-form-control-wrap\" data-name=\"your-message\"><textarea name=\"your-message\" cols=\"40\" rows=\"10\" class=\"wpcf7-form-control wpcf7-textarea\" aria-invalid=\"false\"><\/textarea><\/span> <\/label><\/p>\n<p><input type=\"submit\" value=\"ENVIAR\" class=\"wpcf7-form-control has-spinner wpcf7-submit\" \/><\/p>\n<div class=\"wpcf7-response-output\" aria-hidden=\"true\"><\/div><\/form><\/div><\/div> <\/div><\/div>","protected":false},"excerpt":{"rendered":"<p>C\u00d3RDOBA Centro de Eventos y Convenciones Dinosaurio Mall. Sal\u00f3n : Eneida 26 de Abril 14:00 hs.Rodriguez del Busto 4086 1\u00b0 Piso ; Barrio: Alto Verde \u2013 C\u00f3rdoba Capit\u00e1l. Duraci\u00f3n: 4 horas INFORMES Rolando Nu\u00f1ez&nbsp; Odont\u00f3logo egresado UCV MSc. Biomateriales Universidad de Alabama EE.UU. Miembro IADR. Miembro ALODYB. Editor Junior Journal of Prosthodontics. Gerente de Investigaci\u00f3n&hellip; <br \/> <a class=\"button small blue\" href=\"https:\/\/cordobaevento.muntal.net\/?p=1\">Leer m\u00e1s<\/a><\/p>\n","protected":false},"author":1,"featured_media":0,"parent":0,"menu_order":0,"comment_status":"closed","ping_status":"closed","template":"","meta":[],"_links":{"self":[{"href":"https:\/\/cordobaevento.muntal.net\/index.php?rest_route=\/wp\/v2\/pages\/5"}],"collection":[{"href":"https:\/\/cordobaevento.muntal.net\/index.php?rest_route=\/wp\/v2\/pages"}],"about":[{"href":"https:\/\/cordobaevento.muntal.net\/index.php?rest_route=\/wp\/v2\/types\/page"}],"author":[{"embeddable":true,"href":"https:\/\/cordobaevento.muntal.net\/index.php?rest_route=\/wp\/v2\/users\/1"}],"replies":[{"embeddable":true,"href":"https:\/\/cordobaevento.muntal.net\/index.php?rest_route=%2Fwp%2Fv2%2Fcomments&post=5"}],"version-history":[{"count":14,"href":"https:\/\/cordobaevento.muntal.net\/index.php?rest_route=\/wp\/v2\/pages\/5\/revisions"}],"predecessor-version":[{"id":75,"href":"https:\/\/cordobaevento.muntal.net\/index.php?rest_route=\/wp\/v2\/pages\/5\/revisions\/75"}],"wp:attachment":[{"href":"https:\/\/cordobaevento.muntal.net\/index.php?rest_route=%2Fwp%2Fv2%2Fmedia&parent=5"}],"curies":[{"name":"wp","href":"https:\/\/api.w.org\/{rel}","templated":true}]}}